{"id":310,"date":"2021-11-04T10:21:32","date_gmt":"2021-11-04T10:21:32","guid":{"rendered":"https:\/\/ecotrendconstruction.com\/services\/"},"modified":"2025-01-21T18:04:11","modified_gmt":"2025-01-21T18:04:11","slug":"services","status":"publish","type":"page","link":"https:\/\/ecotrendconstruction.com\/?page_id=310","title":{"rendered":"Services"},"content":{"rendered":"\t\t<div data-elementor-type=\"wp-page\" data-elementor-id=\"310\" class=\"elementor elementor-310\">\n\t\t\t\t<div class=\"elementor-element elementor-element-122e55f e-flex e-con-boxed e-con e-parent\" data-id=\"122e55f\" data-element_type=\"container\" data-settings=\"{&quot;background_background&quot;:&quot;classic&quot;}\">\n\t\t\t\t\t<div class=\"e-con-inner\">\n\t\t<div class=\"elementor-element elementor-element-d4f38d4 e-con-full e-flex e-con e-child\" data-id=\"d4f38d4\" data-element_type=\"container\">\n\t\t\t\t<div class=\"elementor-element elementor-element-63d7f54 elementor-widget elementor-widget-heading\" data-id=\"63d7f54\" data-element_type=\"widget\" data-widget_type=\"heading.default\">\n\t\t\t\t<div class=\"elementor-widget-container\">\n\t\t\t\t\t<h1 class=\"elementor-heading-title elementor-size-default\">Services<\/h1>\t\t\t\t<\/div>\n\t\t\t\t<\/div>\n\t\t\t\t<\/div>\n\t\t\t\t\t<\/div>\n\t\t\t\t<\/div>\n\t\t<div class=\"elementor-element elementor-element-16a7972 e-flex e-con-boxed e-con e-parent\" data-id=\"16a7972\" data-element_type=\"container\">\n\t\t\t\t\t<div class=\"e-con-inner\">\n\t\t\t\t<div class=\"elementor-element elementor-element-54dc1a4 elementor-widget elementor-widget-heading\" data-id=\"54dc1a4\" data-element_type=\"widget\" data-widget_type=\"heading.default\">\n\t\t\t\t<div class=\"elementor-widget-container\">\n\t\t\t\t\t<h2 class=\"elementor-heading-title elementor-size-default\">Sh\u00ebrbimet q\u00eb ne ofrojm:<\/h2>\t\t\t\t<\/div>\n\t\t\t\t<\/div>\n\t\t\t\t\t<\/div>\n\t\t\t\t<\/div>\n\t\t<div class=\"elementor-element elementor-element-f6b6bd8 e-flex e-con-boxed e-con e-parent\" data-id=\"f6b6bd8\" data-element_type=\"container\">\n\t\t\t\t\t<div class=\"e-con-inner\">\n\t\t\t\t<div class=\"elementor-element elementor-element-c88458d elementor-widget elementor-widget-text-editor\" data-id=\"c88458d\" data-element_type=\"widget\" data-widget_type=\"text-editor.default\">\n\t\t\t\t<div class=\"elementor-widget-container\">\n\t\t\t\t\t\t\t\t\t<ul><li><p>Izolim dhe mbrojtje themelesh<\/p><\/li><li><p>Muratur\u00eb<\/p><\/li><li><p>Suvatime<\/p><\/li><li><p>Shtresa t\u00eb thjeshta llustre<\/p><\/li><li><p>Shtresa penobetoni<\/p><\/li><li><p>Shtresa dhe detaje p\u00ebr tarraca:<\/p><ul><li>Tarraca t\u00eb pashfryt\u00ebzueshme<\/li><li>Tarraca t\u00eb shfryt\u00ebzueshme<\/li><li>Tarraca t\u00eb gjelb\u00ebruara<\/li><\/ul><\/li><li><p>Punime elektrike<\/p><\/li><li><p>Punime hidraulike<\/p><\/li><li><p>Shtresa dhe detaje p\u00ebr pishina<\/p><\/li><li><p>Termoizolime t\u00eb fasadave dhe tarracave<\/p><\/li><li><p>Hidroizolime t\u00eb brendshme dhe t\u00eb jashtme<\/p><\/li><li><p>Dysheme industriale me rezin\u00eb<\/p><\/li><li><p>Rrashinim i dyshemeve dhe sip\u00ebrfaqeve t\u00eb betonit<\/p><\/li><li><p>Dysheme teknike, notuese<\/p><\/li><li><p>Dysheme termike<\/p><\/li><li><p>Sisteme t\u00eb thata<\/p><\/li><li><p>Fasada t\u00eb ventiluara<\/p><\/li><li><p>Patinime<\/p><\/li><li><p>Stuko patinimi dekorative:<\/p><ul><li>Veneciane<\/li><li>Efekt lisho<\/li><li>Efekt me reliev<\/li><li>Efekt me plasaritje, etj.<\/li><\/ul><\/li><li><p>Stukime dekorative me mikro\u00e7imento<\/p><\/li><li><p>Shtrime dyshemeje, veshje muresh dhe fasade, veshje dekorative<\/p><\/li><li><p>Lyerje t\u00eb brendshme dhe t\u00eb jashtme<\/p><\/li><li><p>Vij\u00ebzime dhe sinjalistika p\u00ebr ambiente teknike, parkime, podrume me boj\u00eb fosforeshente, etj.<\/p><\/li><li><p>Nd\u00ebrtim i strukturave metalike<\/p><\/li><li><p>Nd\u00ebrtim i strukturave t\u00eb drurit<\/p><\/li><\/ul>\t\t\t\t\t\t\t\t<\/div>\n\t\t\t\t<\/div>\n\t\t\t\t\t<\/div>\n\t\t\t\t<\/div>\n\t\t<div class=\"elementor-element elementor-element-ab9a72f e-grid e-con-boxed e-con e-parent\" data-id=\"ab9a72f\" data-element_type=\"container\">\n\t\t\t\t\t<div class=\"e-con-inner\">\n\t\t\t\t<div class=\"elementor-element elementor-element-abeb985 elementor-widget elementor-widget-image\" data-id=\"abeb985\" data-element_type=\"widget\" data-widget_type=\"image.default\">\n\t\t\t\t<div class=\"elementor-widget-container\">\n\t\t\t\t\t\t\t\t\t\t\t\t\t\t\t<img fetchpriority=\"high\" decoding=\"async\" width=\"1024\" height=\"768\" src=\"https:\/\/ecotrendconstruction.com\/wp-content\/uploads\/2025\/01\/WhatsApp-Image-2025-01-08-at-22.57.07.jpeg\" class=\"attachment-large size-large wp-image-1046\" alt=\"\" srcset=\"https:\/\/ecotrendconstruction.com\/wp-content\/uploads\/2025\/01\/WhatsApp-Image-2025-01-08-at-22.57.07.jpeg 1024w, https:\/\/ecotrendconstruction.com\/wp-content\/uploads\/2025\/01\/WhatsApp-Image-2025-01-08-at-22.57.07-300x225.jpeg 300w, https:\/\/ecotrendconstruction.com\/wp-content\/uploads\/2025\/01\/WhatsApp-Image-2025-01-08-at-22.57.07-768x576.jpeg 768w\" sizes=\"(max-width: 1024px) 100vw, 1024px\" \/>\t\t\t\t\t\t\t\t\t\t\t\t\t\t\t<\/div>\n\t\t\t\t<\/div>\n\t\t\t\t<div class=\"elementor-element elementor-element-9618f87 elementor-widget elementor-widget-image\" data-id=\"9618f87\" data-element_type=\"widget\" data-widget_type=\"image.default\">\n\t\t\t\t<div class=\"elementor-widget-container\">\n\t\t\t\t\t\t\t\t\t\t\t\t\t\t\t<img decoding=\"async\" width=\"1024\" height=\"768\" src=\"https:\/\/ecotrendconstruction.com\/wp-content\/uploads\/2025\/01\/WhatsApp-Image-2025-01-08-at-22.57.06-3.jpeg\" class=\"attachment-large size-large wp-image-1036\" alt=\"\" srcset=\"https:\/\/ecotrendconstruction.com\/wp-content\/uploads\/2025\/01\/WhatsApp-Image-2025-01-08-at-22.57.06-3.jpeg 1024w, https:\/\/ecotrendconstruction.com\/wp-content\/uploads\/2025\/01\/WhatsApp-Image-2025-01-08-at-22.57.06-3-300x225.jpeg 300w, https:\/\/ecotrendconstruction.com\/wp-content\/uploads\/2025\/01\/WhatsApp-Image-2025-01-08-at-22.57.06-3-768x576.jpeg 768w\" sizes=\"(max-width: 1024px) 100vw, 1024px\" \/>\t\t\t\t\t\t\t\t\t\t\t\t\t\t\t<\/div>\n\t\t\t\t<\/div>\n\t\t\t\t<div class=\"elementor-element elementor-element-2038e1e elementor-widget elementor-widget-image\" data-id=\"2038e1e\" data-element_type=\"widget\" data-widget_type=\"image.default\">\n\t\t\t\t<div class=\"elementor-widget-container\">\n\t\t\t\t\t\t\t\t\t\t\t\t\t\t\t<img decoding=\"async\" width=\"1024\" height=\"768\" src=\"https:\/\/ecotrendconstruction.com\/wp-content\/uploads\/2025\/01\/WhatsApp-Image-2025-01-08-at-22.57.06-1.jpeg\" class=\"attachment-large size-large wp-image-1034\" alt=\"\" srcset=\"https:\/\/ecotrendconstruction.com\/wp-content\/uploads\/2025\/01\/WhatsApp-Image-2025-01-08-at-22.57.06-1.jpeg 1024w, https:\/\/ecotrendconstruction.com\/wp-content\/uploads\/2025\/01\/WhatsApp-Image-2025-01-08-at-22.57.06-1-300x225.jpeg 300w, https:\/\/ecotrendconstruction.com\/wp-content\/uploads\/2025\/01\/WhatsApp-Image-2025-01-08-at-22.57.06-1-768x576.jpeg 768w\" sizes=\"(max-width: 1024px) 100vw, 1024px\" \/>\t\t\t\t\t\t\t\t\t\t\t\t\t\t\t<\/div>\n\t\t\t\t<\/div>\n\t\t\t\t<div class=\"elementor-element elementor-element-6305d4d elementor-widget elementor-widget-image\" data-id=\"6305d4d\" data-element_type=\"widget\" data-widget_type=\"image.default\">\n\t\t\t\t<div class=\"elementor-widget-container\">\n\t\t\t\t\t\t\t\t\t\t\t\t\t\t\t<img loading=\"lazy\" decoding=\"async\" width=\"1024\" height=\"768\" src=\"https:\/\/ecotrendconstruction.com\/wp-content\/uploads\/2025\/01\/WhatsApp-Image-2025-01-08-at-22.57.05-2.jpeg\" class=\"attachment-large size-large wp-image-1026\" alt=\"\" srcset=\"https:\/\/ecotrendconstruction.com\/wp-content\/uploads\/2025\/01\/WhatsApp-Image-2025-01-08-at-22.57.05-2.jpeg 1024w, https:\/\/ecotrendconstruction.com\/wp-content\/uploads\/2025\/01\/WhatsApp-Image-2025-01-08-at-22.57.05-2-300x225.jpeg 300w, https:\/\/ecotrendconstruction.com\/wp-content\/uploads\/2025\/01\/WhatsApp-Image-2025-01-08-at-22.57.05-2-768x576.jpeg 768w\" sizes=\"(max-width: 1024px) 100vw, 1024px\" \/>\t\t\t\t\t\t\t\t\t\t\t\t\t\t\t<\/div>\n\t\t\t\t<\/div>\n\t\t\t\t<div class=\"elementor-element elementor-element-4b0e061 elementor-widget elementor-widget-image\" data-id=\"4b0e061\" data-element_type=\"widget\" data-widget_type=\"image.default\">\n\t\t\t\t<div class=\"elementor-widget-container\">\n\t\t\t\t\t\t\t\t\t\t\t\t\t\t\t<img loading=\"lazy\" decoding=\"async\" width=\"1024\" height=\"768\" src=\"https:\/\/ecotrendconstruction.com\/wp-content\/uploads\/2025\/01\/WhatsApp-Image-2025-01-08-at-22.57.05-6.jpeg\" class=\"attachment-large size-large wp-image-1030\" alt=\"\" srcset=\"https:\/\/ecotrendconstruction.com\/wp-content\/uploads\/2025\/01\/WhatsApp-Image-2025-01-08-at-22.57.05-6.jpeg 1024w, https:\/\/ecotrendconstruction.com\/wp-content\/uploads\/2025\/01\/WhatsApp-Image-2025-01-08-at-22.57.05-6-300x225.jpeg 300w, https:\/\/ecotrendconstruction.com\/wp-content\/uploads\/2025\/01\/WhatsApp-Image-2025-01-08-at-22.57.05-6-768x576.jpeg 768w\" sizes=\"(max-width: 1024px) 100vw, 1024px\" \/>\t\t\t\t\t\t\t\t\t\t\t\t\t\t\t<\/div>\n\t\t\t\t<\/div>\n\t\t\t\t<div class=\"elementor-element elementor-element-b564585 elementor-widget elementor-widget-image\" data-id=\"b564585\" data-element_type=\"widget\" data-widget_type=\"image.default\">\n\t\t\t\t<div class=\"elementor-widget-container\">\n\t\t\t\t\t\t\t\t\t\t\t\t\t\t\t<img loading=\"lazy\" decoding=\"async\" width=\"1024\" height=\"768\" src=\"https:\/\/ecotrendconstruction.com\/wp-content\/uploads\/2025\/01\/WhatsApp-Image-2025-01-08-at-22.57.07-2.jpeg\" class=\"attachment-large size-large wp-image-1042\" alt=\"\" srcset=\"https:\/\/ecotrendconstruction.com\/wp-content\/uploads\/2025\/01\/WhatsApp-Image-2025-01-08-at-22.57.07-2.jpeg 1024w, https:\/\/ecotrendconstruction.com\/wp-content\/uploads\/2025\/01\/WhatsApp-Image-2025-01-08-at-22.57.07-2-300x225.jpeg 300w, https:\/\/ecotrendconstruction.com\/wp-content\/uploads\/2025\/01\/WhatsApp-Image-2025-01-08-at-22.57.07-2-768x576.jpeg 768w\" sizes=\"(max-width: 1024px) 100vw, 1024px\" \/>\t\t\t\t\t\t\t\t\t\t\t\t\t\t\t<\/div>\n\t\t\t\t<\/div>\n\t\t\t\t\t<\/div>\n\t\t\t\t<\/div>\n\t\t\t\t<\/div>\n\t\t","protected":false},"excerpt":{"rendered":"<p>Services Sh\u00ebrbimet q\u00eb ne ofrojm: Izolim dhe mbrojtje themelesh Muratur\u00eb Suvatime Shtresa t\u00eb thjeshta llustre Shtresa penobetoni Shtresa dhe detaje p\u00ebr tarraca: Tarraca t\u00eb pashfryt\u00ebzueshme Tarraca t\u00eb shfryt\u00ebzueshme Tarraca t\u00eb gjelb\u00ebruara Punime elektrike Punime hidraulike Shtresa dhe detaje p\u00ebr pishina Termoizolime t\u00eb fasadave dhe tarracave Hidroizolime t\u00eb brendshme dhe t\u00eb jashtme Dysheme industriale me rezin\u00eb [&hellip;]<\/p>\n","protected":false},"author":2,"featured_media":0,"parent":0,"menu_order":0,"comment_status":"closed","ping_status":"closed","template":"","meta":{"site-sidebar-layout":"no-sidebar","site-content-layout":"page-builder","ast-site-content-layout":"default","site-content-style":"default","site-sidebar-style":"default","ast-global-header-display":"","ast-banner-title-visibility":"","ast-main-header-display":"","ast-hfb-above-header-display":"","ast-hfb-below-header-display":"","ast-hfb-mobile-header-display":"","site-post-title":"disabled","ast-breadcrumbs-content":"disabled","ast-featured-img":"disabled","footer-sml-layout":"","theme-transparent-header-meta":"enabled","adv-header-id-meta":"","stick-header-meta":"","header-above-stick-meta":"","header-main-stick-meta":"","header-below-stick-meta":"","astra-migrate-meta-layouts":"default","ast-page-background-enabled":"default","ast-page-background-meta":{"desktop":{"background-color":"var(--ast-global-color-4)","background-image":"","background-repeat":"repeat","background-position":"center center","background-size":"auto","background-attachment":"scroll","background-type":"","background-media":"","overlay-type":"","overlay-color":"","overlay-opacity":"","overlay-gradient":""},"tablet":{"background-color":"","background-image":"","background-repeat":"repeat","background-position":"center center","background-size":"auto","background-attachment":"scroll","background-type":"","background-media":"","overlay-type":"","overlay-color":"","overlay-opacity":"","overlay-gradient":""},"mobile":{"background-color":"","background-image":"","background-repeat":"repeat","background-position":"center center","background-size":"auto","background-attachment":"scroll","background-type":"","background-media":"","overlay-type":"","overlay-color":"","overlay-opacity":"","overlay-gradient":""}},"ast-content-background-meta":{"desktop":{"background-color":"var(--ast-global-color-5)","background-image":"","background-repeat":"repeat","background-position":"center center","background-size":"auto","background-attachment":"scroll","background-type":"","background-media":"","overlay-type":"","overlay-color":"","overlay-opacity":"","overlay-gradient":""},"tablet":{"background-color":"var(--ast-global-color-5)","background-image":"","background-repeat":"repeat","background-position":"center center","background-size":"auto","background-attachment":"scroll","background-type":"","background-media":"","overlay-type":"","overlay-color":"","overlay-opacity":"","overlay-gradient":""},"mobile":{"background-color":"var(--ast-global-color-5)","background-image":"","background-repeat":"repeat","background-position":"center center","background-size":"auto","background-attachment":"scroll","background-type":"","background-media":"","overlay-type":"","overlay-color":"","overlay-opacity":"","overlay-gradient":""}},"footnotes":""},"class_list":["post-310","page","type-page","status-publish","hentry"],"_links":{"self":[{"href":"https:\/\/ecotrendconstruction.com\/index.php?rest_route=\/wp\/v2\/pages\/310","targetHints":{"allow":["GET"]}}],"collection":[{"href":"https:\/\/ecotrendconstruction.com\/index.php?rest_route=\/wp\/v2\/pages"}],"about":[{"href":"https:\/\/ecotrendconstruction.com\/index.php?rest_route=\/wp\/v2\/types\/page"}],"author":[{"embeddable":true,"href":"https:\/\/ecotrendconstruction.com\/index.php?rest_route=\/wp\/v2\/users\/2"}],"replies":[{"embeddable":true,"href":"https:\/\/ecotrendconstruction.com\/index.php?rest_route=%2Fwp%2Fv2%2Fcomments&post=310"}],"version-history":[{"count":20,"href":"https:\/\/ecotrendconstruction.com\/index.php?rest_route=\/wp\/v2\/pages\/310\/revisions"}],"predecessor-version":[{"id":1104,"href":"https:\/\/ecotrendconstruction.com\/index.php?rest_route=\/wp\/v2\/pages\/310\/revisions\/1104"}],"wp:attachment":[{"href":"https:\/\/ecotrendconstruction.com\/index.php?rest_route=%2Fwp%2Fv2%2Fmedia&parent=310"}],"curies":[{"name":"wp","href":"https:\/\/api.w.org\/{rel}","templated":true}]}}